{"id":17,"date":"2023-08-31T11:07:33","date_gmt":"2023-08-31T09:07:33","guid":{"rendered":"https:\/\/devokgroup.ok-trans.net\/?page_id=17"},"modified":"2023-09-07T10:24:58","modified_gmt":"2023-09-07T08:24:58","slug":"teluro","status":"publish","type":"page","link":"https:\/\/www.ok-gruppe.com\/","title":{"rendered":"Herzlich Willkommen"},"content":{"rendered":"\n<div class=\"wp-block-columns is-layout-flex wp-container-core-columns-is-layout-28f84493 wp-block-columns-is-layout-flex\">\n<div class=\"wp-block-column is-layout-flow wp-block-column-is-layout-flow\">\n<div class=\"wp-block-cover has-custom-content-position is-position-top-center wp-duotone-370000-ffffff-2\" style=\"min-height:1000px;aspect-ratio:unset;\"><span aria-hidden=\"true\" class=\"wp-block-cover__background has-background-dim\"><\/span><img fetchpriority=\"high\" decoding=\"async\" width=\"1325\" height=\"927\" class=\"wp-block-cover__image-background wp-image-120\" alt=\"OK-Trans GmbH\" src=\"https:\/\/www.ok-gruppe.com\/wp-content\/uploads\/2023\/09\/DAF.png\" style=\"object-position:30% 51%\" data-object-fit=\"cover\" data-object-position=\"30% 51%\" srcset=\"https:\/\/www.ok-gruppe.com\/wp-content\/uploads\/2023\/09\/DAF.png 1325w, https:\/\/www.ok-gruppe.com\/wp-content\/uploads\/2023\/09\/DAF-300x210.png 300w, https:\/\/www.ok-gruppe.com\/wp-content\/uploads\/2023\/09\/DAF-1024x716.png 1024w, https:\/\/www.ok-gruppe.com\/wp-content\/uploads\/2023\/09\/DAF-768x537.png 768w, https:\/\/www.ok-gruppe.com\/wp-content\/uploads\/2023\/09\/DAF-1000x700.png 1000w, https:\/\/www.ok-gruppe.com\/wp-content\/uploads\/2023\/09\/DAF-800x560.png 800w, https:\/\/www.ok-gruppe.com\/wp-content\/uploads\/2023\/09\/DAF-600x420.png 600w\" sizes=\"(max-width: 1325px) 100vw, 1325px\" \/><div class=\"wp-block-cover__inner-container is-layout-flow wp-block-cover-is-layout-flow\">\n<h1 class=\"wp-block-heading\"><a href=\"https:\/\/www.ok-trans.net\">OK-Trans GmbH<\/a><\/h1>\n\n\n\n<h4 class=\"wp-block-heading has-text-color\" style=\"color:#59d600\"><em>Was nicht geht, wird gefahren&#8230;<\/em><\/h4>\n\n\n\n<hr style=\"border-color:#59d600\" class=\"wp-block-separator aligncenter has-alpha-channel-opacity is-style-wide\"\/>\n\n\n\n<p><\/p>\n\n\n\n<p class=\"has-text-color\" style=\"color:#59d600\">Gegr\u00fcndet 2006 ist die OK-Trans GmbH Ihr Spezialist im nationalen und internationalen Transportwesen und der Ursprung unserer Unternehmensgruppe.<\/p>\n\n\n\n<p class=\"has-text-color\" style=\"color:#59d600\">Besuchen Sie die OK-Trans GmbH und informieren Sie sich \u00fcber das Portfolio, welches Ihnen den logistischen R\u00fccken freih\u00e4lt.<\/p>\n\n\n\n<p class=\"has-text-color\" style=\"color:#59d600\">Treten Sie mit Ihrem zuverl\u00e4ssigen Logistikpartner in Kontakt:<\/p>\n\n\n\n<p class=\"has-text-color\" style=\"color:#59d600\">\u00fcber die <a href=\"https:\/\/www.ok-trans.net\">Webseite<\/a><\/p>\n\n\n\n<p class=\"has-text-color\" style=\"color:#59d600\">per <a href=\"mailto:info@ok-trans.net\">E-Mail<\/a><\/p>\n\n\n\n<p class=\"has-text-color\" style=\"color:#59d600\">auf <a href=\"https:\/\/www.facebook.com\/OK1Trans\">Facebook<\/a><\/p>\n\n\n\n<p class=\"has-text-color\" style=\"color:#59d600\">auf <a href=\"https:\/\/www.instagram.com\/ok_trans\">Instagram<\/a><\/p>\n\n\n\n<p class=\"has-text-color\" style=\"color:#59d600\">oder klassisch \u00fcber das <a href=\"tel:+4948777753066\">Telefon<\/a><\/p>\n\n\n\n<p class=\"has-text-color\" style=\"color:#59d600\">Die OK-Trans GmbH bewegt alles f\u00fcr Sie &#8211; getreu unseres Leitgedankens:<\/p>\n\n\n\n<p class=\"has-text-color\" style=\"color:#59d600\"><strong><em>Was nicht geht, wird gefahren&#8230;<\/em><\/strong><\/p>\n<\/div><\/div>\n<\/div>\n\n\n\n<div class=\"wp-block-column is-vertically-aligned-center is-layout-flow wp-block-column-is-layout-flow\">\n<div class=\"wp-block-cover is-light has-custom-content-position is-position-top-center wp-duotone-370000-ffffff-3\" style=\"min-height:1001px;aspect-ratio:unset;\"><span aria-hidden=\"true\" class=\"wp-block-cover__background has-background-dim\"><\/span><img decoding=\"async\" width=\"1024\" height=\"768\" class=\"wp-block-cover__image-background wp-image-121\" alt=\"OK-TTS Werkstatt\" src=\"https:\/\/www.ok-gruppe.com\/wp-content\/uploads\/2023\/09\/OK-TTS_Werkstatt.jpeg\" data-object-fit=\"cover\" srcset=\"https:\/\/www.ok-gruppe.com\/wp-content\/uploads\/2023\/09\/OK-TTS_Werkstatt.jpeg 1024w, https:\/\/www.ok-gruppe.com\/wp-content\/uploads\/2023\/09\/OK-TTS_Werkstatt-300x225.jpeg 300w, https:\/\/www.ok-gruppe.com\/wp-content\/uploads\/2023\/09\/OK-TTS_Werkstatt-768x576.jpeg 768w, https:\/\/www.ok-gruppe.com\/wp-content\/uploads\/2023\/09\/OK-TTS_Werkstatt-1000x750.jpeg 1000w, https:\/\/www.ok-gruppe.com\/wp-content\/uploads\/2023\/09\/OK-TTS_Werkstatt-747x560.jpeg 747w, https:\/\/www.ok-gruppe.com\/wp-content\/uploads\/2023\/09\/OK-TTS_Werkstatt-600x450.jpeg 600w\" sizes=\"(max-width: 1024px) 100vw, 1024px\" \/><div class=\"wp-block-cover__inner-container is-layout-flow wp-block-cover-is-layout-flow\">\n<h1 class=\"wp-block-heading\"><a href=\"https:\/\/www.ok-tts.de\">OK Truck &amp; Trailer Service GmbH<\/a><\/h1>\n\n\n\n<h4 class=\"wp-block-heading has-text-color\" style=\"color:#59d600\"><em>Was nicht f\u00e4hrt, wird repariert&#8230;<\/em><\/h4>\n\n\n\n<hr style=\"border-color:#59d600\" class=\"wp-block-separator aligncenter has-alpha-channel-opacity is-style-wide\"\/>\n\n\n\n<p><\/p>\n\n\n\n<p class=\"has-text-color\" style=\"color:#59d600\">Die OK Truck &amp; Trailer Service GmbH (OK-TTS GmbH) macht uns erst zur Gruppe!<\/p>\n\n\n\n<p class=\"has-text-color\" style=\"color:#59d600\">Gegr\u00fcndet 2023 bieten wir \u00fcber sie unsere professionellen und umfassenden Werkstatt-Leistungen f\u00fcr Sie an.<\/p>\n\n\n\n<p class=\"has-text-color\" style=\"color:#59d600\">Sie besitzen einen oder mehrere LKW, Trailer, Chassis, Anh\u00e4nger jeglicher Art oder landwirtschaftliche Nutzfahrzeuge? Sie w\u00fcnschen einen zuverl\u00e4ssigen und kundenorientierten Service f\u00fcr Ihre Nutzfahrzeuge?<\/p>\n\n\n\n<p class=\"has-text-color\" style=\"color:#59d600\">Dann kontaktieren Sie die OK-TTS GmbH:<\/p>\n\n\n\n<p class=\"has-text-color\" style=\"color:#59d600\">\u00fcber die <a href=\"https:\/\/www.ok-tts.de\">Webseite<\/a><\/p>\n\n\n\n<p class=\"has-text-color\" style=\"color:#59d600\">per <a href=\"mailto:werkstatt@ok-trans.net\">E-Mail<\/a><\/p>\n\n\n\n<p class=\"has-text-color\" style=\"color:#59d600\">auf <a href=\"https:\/\/www.instagram.com\/ok.tts\">Instagram<\/a><\/p>\n\n\n\n<p class=\"has-text-color\" style=\"color:#59d600\">oder klassisch \u00fcber das <a href=\"tel:+4948777753068\">Telefon<\/a><\/p>\n\n\n\n<p class=\"has-text-color\" style=\"color:#59d600\">Die OK-TTS GmbH k\u00fcmmert sich um darum, dass Ihr Fuhrpark rennt &#8211; getreu unseres Leitgedankens:<\/p>\n\n\n\n<p class=\"has-text-color\" style=\"color:#59d600\"><strong><em>Was nicht f\u00e4hrt, wird repariert&#8230;<\/em><\/strong><\/p>\n<\/div><\/div>\n<\/div>\n<\/div>\n\n\n\n<p><\/p>\n\n\n\n<div class=\"wp-block-columns is-layout-flex wp-container-core-columns-is-layout-28f84493 wp-block-columns-is-layout-flex\">\n<div class=\"wp-block-column is-layout-flow wp-block-column-is-layout-flow\" style=\"flex-basis:25%\"><\/div>\n\n\n\n<div class=\"wp-block-column is-vertically-aligned-center is-layout-flow wp-block-column-is-layout-flow\" style=\"flex-basis:50%\">\n<div class=\"wp-block-cover wp-duotone-370000-ffffff-4\"><span aria-hidden=\"true\" class=\"wp-block-cover__background has-background-dim\"><\/span><img decoding=\"async\" width=\"2560\" height=\"1707\" class=\"wp-block-cover__image-background wp-image-122\" alt=\"\" src=\"https:\/\/www.ok-gruppe.com\/wp-content\/uploads\/2023\/09\/Untersetzer_Staender-scaled.jpeg\" data-object-fit=\"cover\" srcset=\"https:\/\/www.ok-gruppe.com\/wp-content\/uploads\/2023\/09\/Untersetzer_Staender-scaled.jpeg 2560w, https:\/\/www.ok-gruppe.com\/wp-content\/uploads\/2023\/09\/Untersetzer_Staender-300x200.jpeg 300w, https:\/\/www.ok-gruppe.com\/wp-content\/uploads\/2023\/09\/Untersetzer_Staender-1024x683.jpeg 1024w, https:\/\/www.ok-gruppe.com\/wp-content\/uploads\/2023\/09\/Untersetzer_Staender-768x512.jpeg 768w, https:\/\/www.ok-gruppe.com\/wp-content\/uploads\/2023\/09\/Untersetzer_Staender-1536x1024.jpeg 1536w, https:\/\/www.ok-gruppe.com\/wp-content\/uploads\/2023\/09\/Untersetzer_Staender-2048x1365.jpeg 2048w, https:\/\/www.ok-gruppe.com\/wp-content\/uploads\/2023\/09\/Untersetzer_Staender-2000x1333.jpeg 2000w, https:\/\/www.ok-gruppe.com\/wp-content\/uploads\/2023\/09\/Untersetzer_Staender-1000x667.jpeg 1000w, https:\/\/www.ok-gruppe.com\/wp-content\/uploads\/2023\/09\/Untersetzer_Staender-1800x1200.jpeg 1800w, https:\/\/www.ok-gruppe.com\/wp-content\/uploads\/2023\/09\/Untersetzer_Staender-840x560.jpeg 840w, https:\/\/www.ok-gruppe.com\/wp-content\/uploads\/2023\/09\/Untersetzer_Staender-600x400.jpeg 600w\" sizes=\"(max-width: 2560px) 100vw, 2560px\" \/><div class=\"wp-block-cover__inner-container is-layout-flow wp-block-cover-is-layout-flow\">\n<h1 class=\"wp-block-heading\"><a href=\"https:\/\/ok-trans.myshopify.com\/\">Shop<\/a><\/h1>\n\n\n\n<h4 class=\"wp-block-heading has-text-color\" style=\"color:#59d600\"><em>Was nicht fahren soll, wird verkauft&#8230;<\/em><\/h4>\n\n\n\n<hr style=\"border-color:#59d600\" class=\"wp-block-separator aligncenter has-alpha-channel-opacity is-style-wide\"\/>\n\n\n\n<p><\/p>\n\n\n\n<p class=\"has-text-color\" style=\"color:#59d600\">Zeigen Sie stolz, wem Sie mit Ihrer Logistik und Werkstatt-Services vertrauen!<\/p>\n\n\n\n<p class=\"has-text-color\" style=\"color:#59d600\">Besuchen Sie uns in unserem <a href=\"https:\/\/ok-trans.myshopify.com\/\"><strong>Marken-Shop<\/strong> auf Shopify<\/a> und entdecken Sie unsere witzigen und n\u00fctzlichen Gadgets!<\/p>\n<\/div><\/div>\n<\/div>\n\n\n\n<div class=\"wp-block-column is-layout-flow wp-block-column-is-layout-flow\" style=\"flex-basis:25%\"><\/div>\n<\/div>\n","protected":false},"excerpt":{"rendered":"","protected":false},"author":3,"featured_media":0,"parent":0,"menu_order":0,"comment_status":"closed","ping_status":"closed","template":"","meta":{"inspiro_page_layout":"narrow","inspiro_hide_title":false,"footnotes":""},"class_list":["post-17","page","type-page","status-publish","hentry"],"_links":{"self":[{"href":"https:\/\/www.ok-gruppe.com\/index.php?rest_route=\/wp\/v2\/pages\/17","targetHints":{"allow":["GET"]}}],"collection":[{"href":"https:\/\/www.ok-gruppe.com\/index.php?rest_route=\/wp\/v2\/pages"}],"about":[{"href":"https:\/\/www.ok-gruppe.com\/index.php?rest_route=\/wp\/v2\/types\/page"}],"author":[{"embeddable":true,"href":"https:\/\/www.ok-gruppe.com\/index.php?rest_route=\/wp\/v2\/users\/3"}],"replies":[{"embeddable":true,"href":"https:\/\/www.ok-gruppe.com\/index.php?rest_route=%2Fwp%2Fv2%2Fcomments&post=17"}],"version-history":[{"count":28,"href":"https:\/\/www.ok-gruppe.com\/index.php?rest_route=\/wp\/v2\/pages\/17\/revisions"}],"predecessor-version":[{"id":213,"href":"https:\/\/www.ok-gruppe.com\/index.php?rest_route=\/wp\/v2\/pages\/17\/revisions\/213"}],"wp:attachment":[{"href":"https:\/\/www.ok-gruppe.com\/index.php?rest_route=%2Fwp%2Fv2%2Fmedia&parent=17"}],"curies":[{"name":"wp","href":"https:\/\/api.w.org\/{rel}","templated":true}]}}